{"id":799,"date":"2024-06-28T14:29:41","date_gmt":"2024-06-28T12:29:41","guid":{"rendered":"http:\/\/enxxeqe.cluster023.hosting.ovh.net\/our-products\/"},"modified":"2025-04-23T11:15:54","modified_gmt":"2025-04-23T09:15:54","slug":"our-products","status":"publish","type":"page","link":"https:\/\/www.francefish.fr\/en\/our-products\/","title":{"rendered":"Our products"},"content":{"rendered":"<p>[et_pb_section fb_built=&#8221;1&#8243; admin_label=&#8221;section&#8221; _builder_version=&#8221;4.16&#8243; global_colors_info=&#8221;{}&#8221;][et_pb_row admin_label=&#8221;row&#8221; _builder_version=&#8221;4.16&#8243; background_size=&#8221;initial&#8221; background_position=&#8221;top_left&#8221; background_repeat=&#8221;repeat&#8221; global_colors_info=&#8221;{}&#8221;][et_pb_column type=&#8221;4_4&#8243; _builder_version=&#8221;4.16&#8243; custom_padding=&#8221;|||&#8221; global_colors_info=&#8221;{}&#8221; custom_padding__hover=&#8221;|||&#8221;][\/et_pb_column][\/et_pb_row][\/et_pb_section]<\/p>\n","protected":false},"excerpt":{"rendered":"","protected":false},"author":1,"featured_media":0,"parent":0,"menu_order":0,"comment_status":"closed","ping_status":"closed","template":"","meta":{"_et_pb_use_builder":"on","_et_pb_old_content":"","_et_gb_content_width":"","footnotes":""},"class_list":["post-799","page","type-page","status-publish","hentry"],"yoast_head":"<!-- This site is optimized with the Yoast SEO plugin v25.6 - https:\/\/yoast.com\/wordpress\/plugins\/seo\/ -->\n<title>Our products - FRANCEFISH<\/title>\n<meta name=\"robots\" content=\"index, follow, max-snippet:-1, max-image-preview:large, max-video-preview:-1\" \/>\n<link rel=\"canonical\" href=\"https:\/\/www.francefish.fr\/en\/our-products\/\" \/>\n<meta property=\"og:locale\" content=\"en_US\" \/>\n<meta property=\"og:type\" content=\"article\" \/>\n<meta property=\"og:title\" content=\"Our products - FRANCEFISH\" \/>\n<meta property=\"og:url\" content=\"https:\/\/www.francefish.fr\/en\/our-products\/\" \/>\n<meta property=\"og:site_name\" content=\"FRANCEFISH\" \/>\n<meta property=\"article:modified_time\" content=\"2025-04-23T09:15:54+00:00\" \/>\n<meta name=\"twitter:card\" content=\"summary_large_image\" \/>\n<script type=\"application\/ld+json\" class=\"yoast-schema-graph\">{\"@context\":\"https:\/\/schema.org\",\"@graph\":[{\"@type\":\"WebPage\",\"@id\":\"https:\/\/www.francefish.fr\/en\/our-products\/\",\"url\":\"https:\/\/www.francefish.fr\/en\/our-products\/\",\"name\":\"Our products - FRANCEFISH\",\"isPartOf\":{\"@id\":\"https:\/\/www.francefish.fr\/#website\"},\"datePublished\":\"2024-06-28T12:29:41+00:00\",\"dateModified\":\"2025-04-23T09:15:54+00:00\",\"breadcrumb\":{\"@id\":\"https:\/\/www.francefish.fr\/en\/our-products\/#breadcrumb\"},\"inLanguage\":\"en-US\",\"potentialAction\":[{\"@type\":\"ReadAction\",\"target\":[\"https:\/\/www.francefish.fr\/en\/our-products\/\"]}]},{\"@type\":\"BreadcrumbList\",\"@id\":\"https:\/\/www.francefish.fr\/en\/our-products\/#breadcrumb\",\"itemListElement\":[{\"@type\":\"ListItem\",\"position\":1,\"name\":\"Accueil\",\"item\":\"https:\/\/www.francefish.fr\/en\/\"},{\"@type\":\"ListItem\",\"position\":2,\"name\":\"Our products\"}]},{\"@type\":\"WebSite\",\"@id\":\"https:\/\/www.francefish.fr\/#website\",\"url\":\"https:\/\/www.francefish.fr\/\",\"name\":\"FRANCEFISH\",\"description\":\"La mer \u00e0 votre table, fra\u00eecheur et qualit\u00e9 garanties.\",\"publisher\":{\"@id\":\"https:\/\/www.francefish.fr\/#organization\"},\"potentialAction\":[{\"@type\":\"SearchAction\",\"target\":{\"@type\":\"EntryPoint\",\"urlTemplate\":\"https:\/\/www.francefish.fr\/?s={search_term_string}\"},\"query-input\":{\"@type\":\"PropertyValueSpecification\",\"valueRequired\":true,\"valueName\":\"search_term_string\"}}],\"inLanguage\":\"en-US\"},{\"@type\":\"Organization\",\"@id\":\"https:\/\/www.francefish.fr\/#organization\",\"name\":\"FRANCEFISH\",\"url\":\"https:\/\/www.francefish.fr\/\",\"logo\":{\"@type\":\"ImageObject\",\"inLanguage\":\"en-US\",\"@id\":\"https:\/\/www.francefish.fr\/#\/schema\/logo\/image\/\",\"url\":\"https:\/\/www.francefish.fr\/wp-content\/uploads\/2024\/07\/logo_FF__1_-removebg-preview.png\",\"contentUrl\":\"https:\/\/www.francefish.fr\/wp-content\/uploads\/2024\/07\/logo_FF__1_-removebg-preview.png\",\"width\":976,\"height\":255,\"caption\":\"FRANCEFISH\"},\"image\":{\"@id\":\"https:\/\/www.francefish.fr\/#\/schema\/logo\/image\/\"}}]}<\/script>\n<!-- \/ Yoast SEO plugin. -->","yoast_head_json":{"title":"Our products - FRANCEFISH","robots":{"index":"index","follow":"follow","max-snippet":"max-snippet:-1","max-image-preview":"max-image-preview:large","max-video-preview":"max-video-preview:-1"},"canonical":"https:\/\/www.francefish.fr\/en\/our-products\/","og_locale":"en_US","og_type":"article","og_title":"Our products - FRANCEFISH","og_url":"https:\/\/www.francefish.fr\/en\/our-products\/","og_site_name":"FRANCEFISH","article_modified_time":"2025-04-23T09:15:54+00:00","twitter_card":"summary_large_image","schema":{"@context":"https:\/\/schema.org","@graph":[{"@type":"WebPage","@id":"https:\/\/www.francefish.fr\/en\/our-products\/","url":"https:\/\/www.francefish.fr\/en\/our-products\/","name":"Our products - FRANCEFISH","isPartOf":{"@id":"https:\/\/www.francefish.fr\/#website"},"datePublished":"2024-06-28T12:29:41+00:00","dateModified":"2025-04-23T09:15:54+00:00","breadcrumb":{"@id":"https:\/\/www.francefish.fr\/en\/our-products\/#breadcrumb"},"inLanguage":"en-US","potentialAction":[{"@type":"ReadAction","target":["https:\/\/www.francefish.fr\/en\/our-products\/"]}]},{"@type":"BreadcrumbList","@id":"https:\/\/www.francefish.fr\/en\/our-products\/#breadcrumb","itemListElement":[{"@type":"ListItem","position":1,"name":"Accueil","item":"https:\/\/www.francefish.fr\/en\/"},{"@type":"ListItem","position":2,"name":"Our products"}]},{"@type":"WebSite","@id":"https:\/\/www.francefish.fr\/#website","url":"https:\/\/www.francefish.fr\/","name":"FRANCEFISH","description":"La mer \u00e0 votre table, fra\u00eecheur et qualit\u00e9 garanties.","publisher":{"@id":"https:\/\/www.francefish.fr\/#organization"},"potentialAction":[{"@type":"SearchAction","target":{"@type":"EntryPoint","urlTemplate":"https:\/\/www.francefish.fr\/?s={search_term_string}"},"query-input":{"@type":"PropertyValueSpecification","valueRequired":true,"valueName":"search_term_string"}}],"inLanguage":"en-US"},{"@type":"Organization","@id":"https:\/\/www.francefish.fr\/#organization","name":"FRANCEFISH","url":"https:\/\/www.francefish.fr\/","logo":{"@type":"ImageObject","inLanguage":"en-US","@id":"https:\/\/www.francefish.fr\/#\/schema\/logo\/image\/","url":"https:\/\/www.francefish.fr\/wp-content\/uploads\/2024\/07\/logo_FF__1_-removebg-preview.png","contentUrl":"https:\/\/www.francefish.fr\/wp-content\/uploads\/2024\/07\/logo_FF__1_-removebg-preview.png","width":976,"height":255,"caption":"FRANCEFISH"},"image":{"@id":"https:\/\/www.francefish.fr\/#\/schema\/logo\/image\/"}}]}},"_links":{"self":[{"href":"https:\/\/www.francefish.fr\/en\/wp-json\/wp\/v2\/pages\/799","targetHints":{"allow":["GET"]}}],"collection":[{"href":"https:\/\/www.francefish.fr\/en\/wp-json\/wp\/v2\/pages"}],"about":[{"href":"https:\/\/www.francefish.fr\/en\/wp-json\/wp\/v2\/types\/page"}],"author":[{"embeddable":true,"href":"https:\/\/www.francefish.fr\/en\/wp-json\/wp\/v2\/users\/1"}],"replies":[{"embeddable":true,"href":"https:\/\/www.francefish.fr\/en\/wp-json\/wp\/v2\/comments?post=799"}],"version-history":[{"count":2,"href":"https:\/\/www.francefish.fr\/en\/wp-json\/wp\/v2\/pages\/799\/revisions"}],"predecessor-version":[{"id":2253,"href":"https:\/\/www.francefish.fr\/en\/wp-json\/wp\/v2\/pages\/799\/revisions\/2253"}],"wp:attachment":[{"href":"https:\/\/www.francefish.fr\/en\/wp-json\/wp\/v2\/media?parent=799"}],"curies":[{"name":"wp","href":"https:\/\/api.w.org\/{rel}","templated":true}]}}