{"id":1928,"date":"2024-07-26T21:21:37","date_gmt":"2024-07-26T19:21:37","guid":{"rendered":"https:\/\/www.francefish.fr\/terms-of-use\/"},"modified":"2024-08-01T23:47:06","modified_gmt":"2024-08-01T21:47:06","slug":"terms-of-use","status":"publish","type":"page","link":"https:\/\/www.francefish.fr\/en\/terms-of-use\/","title":{"rendered":"Terms of use"},"content":{"rendered":"<p>[et_pb_section fb_built=&#8221;1&#8243; custom_padding_last_edited=&#8221;on|phone&#8221; _builder_version=&#8221;4.27.0&#8243; _module_preset=&#8221;default&#8221; use_background_color_gradient=&#8221;on&#8221; background_color_gradient_stops=&#8221;rgba(43,135,218,0.59) 1%|rgba(0,0,0,0.84) 77%&#8221; background_color_gradient_overlays_image=&#8221;on&#8221; background_image=&#8221;http:\/\/enxxeqe.cluster023.hosting.ovh.net\/wp-content\/uploads\/2024\/06\/corals-and-marine-life-underwater-2023-11-27-05-36-28-utc-scaled.jpg&#8221; parallax=&#8221;on&#8221; custom_padding=&#8221;70px||70px|||&#8221; custom_padding_tablet=&#8221;||110px|||&#8221; custom_padding_phone=&#8221;10px||70px||false|false&#8221; hover_enabled=&#8221;0&#8243; locked=&#8221;off&#8221; global_colors_info=&#8221;{}&#8221; sticky_enabled=&#8221;0&#8243;][et_pb_row custom_padding_last_edited=&#8221;on|phone&#8221; _builder_version=&#8221;4.27.0&#8243; _module_preset=&#8221;default&#8221; background_color=&#8221;rgba(255,255,255,0.55)&#8221; width_tablet=&#8221;90%&#8221; width_phone=&#8221;85%&#8221; width_last_edited=&#8221;on|phone&#8221; custom_margin=&#8221;100px||||false|false&#8221; custom_padding=&#8221;38px||||false|false&#8221; custom_padding_tablet=&#8221;90px||||false|false&#8221; custom_padding_phone=&#8221;33px|24px||24px|false|true&#8221; hover_enabled=&#8221;0&#8243; border_radii=&#8221;on|10px|10px|10px|10px&#8221; global_colors_info=&#8221;{}&#8221; sticky_enabled=&#8221;0&#8243; custom_margin_last_edited=&#8221;on|tablet&#8221; custom_margin_tablet=&#8221;40px||||false|false&#8221; custom_margin_phone=&#8221;40px||||false|false&#8221;][et_pb_column type=&#8221;4_4&#8243; _builder_version=&#8221;4.24.2&#8243; _module_preset=&#8221;default&#8221; global_colors_info=&#8221;{}&#8221;][et_pb_text content_tablet=&#8221;<\/p>\n<h2 style=%22text-align: center;%22>Terms of use<\/h2>\n<p>&nbsp;<\/p>\n<p style=%22text-align: center;%22><strong>Company Name :<\/strong> Francefish<\/p>\n<p style=%22text-align: center;%22><strong>Legal form :<\/strong> Limited liability company (SARL)<\/p>\n<p style=%22text-align: center;%22><strong>Head office address :<\/strong><br \/>7 B RUE DU POINT DU JOUR<br \/>92100 BOULOGNE BILLANCOURT<\/p>\n<p style=%22text-align: center;%22><strong>SIRET number :<\/strong> 423 458 371 00010<\/p>\n<p style=%22text-align: center;%22><strong>VAT number :<\/strong> FR72 423 458 371<\/p>\n<p style=%22text-align: center;%22><strong>Publishing Director :<\/strong> Yannick Vincent<\/p>\n<p style=%22text-align: center;%22><strong>Site host :<\/strong><br \/>OVH<br \/>2 rue Kellermann<br \/>59100 Roubaix<br \/>France<\/p>\n<h4 style=%22text-align: center;%22><span>Francefish<\/span><\/h4>\n<h4 style=%22text-align: center;%22><span>Immeuble Leonis<\/span><\/h4>\n<h4 style=%22text-align: center;%22><span>ZA le ch\u00eane ferr\u00e9<\/span><\/h4>\n<h4 style=%22text-align: center;%22><span>27 all\u00e9e des 5 continents<\/span><\/h4>\n<h4 style=%22text-align: center;%22><span>44120 VERTOU<\/span><\/h4>\n<p>&#8221; content_phone=&#8221;<\/p>\n<h2 style=%22text-align: center;%22>Terms of use<\/h2>\n<p>&nbsp;<\/p>\n<p style=%22text-align: center;%22><strong>Company Name :<\/strong> Francefish<\/p>\n<p style=%22text-align: center;%22><strong>Legal form :<\/strong> Soci\u00e9t\u00e9 \u00e0 responsabilit\u00e9 limit\u00e9e (SARL)<\/p>\n<p style=%22text-align: center;%22><strong>Head office address:<\/strong><br \/>7 B RUE DU POINT DU JOUR<br \/>92100 BOULOGNE BILLANCOURT<\/p>\n<p style=%22text-align: center;%22><strong>Siret Number :<\/strong> 423 458 371 00010<\/p>\n<p style=%22text-align: center;%22><strong>VAT number :<\/strong> FR72 423 458 371<\/p>\n<p style=%22text-align: center;%22><strong>Publishing Director :<\/strong> Yannick Vincent<\/p>\n<p style=%22text-align: center;%22><strong>Site host :<\/strong><br \/>OVH<br \/>2 rue Kellermann<br \/>59100 Roubaix<br \/>France<\/p>\n<p>&#8221; content_last_edited=&#8221;on|tablet&#8221; _builder_version=&#8221;4.27.0&#8243; _module_preset=&#8221;default&#8221; text_text_color=&#8221;#000000&#8243; hover_enabled=&#8221;0&#8243; header_2_font_size_tablet=&#8221;&#8221; header_2_font_size_phone=&#8221;16px&#8221; header_2_font_size_last_edited=&#8221;on|phone&#8221; header_4_font_size_tablet=&#8221;&#8221; header_4_font_size_phone=&#8221;14px&#8221; header_4_font_size_last_edited=&#8221;on|phone&#8221; global_colors_info=&#8221;{}&#8221; sticky_enabled=&#8221;0&#8243;]<\/p>\n<h2 style=\"text-align: center;\">Terms of use<\/h2>\n<p>&nbsp;<\/p>\n<p style=\"text-align: center;\"><strong>Company Name :<\/strong> Francefish<\/p>\n<p style=\"text-align: center;\"><strong>Legal form :<\/strong> Soci\u00e9t\u00e9 \u00e0 responsabilit\u00e9 limit\u00e9e (SARL)<\/p>\n<p style=\"text-align: center;\"><strong>Head office address:<\/strong><br \/>7 B RUE DU POINT DU JOUR<br \/>92100 BOULOGNE BILLANCOURT<\/p>\n<p style=\"text-align: center;\"><strong>Siret Number :<\/strong> 423 458 371 00010<\/p>\n<p style=\"text-align: center;\"><strong>VAT number :<\/strong> FR72 423 458 371<\/p>\n<p style=\"text-align: center;\"><strong>Publishing Director :<\/strong> Yannick Vincent<\/p>\n<p style=\"text-align: center;\"><strong>Site host :<\/strong><br \/>OVH<br \/>2 rue Kellermann<br \/>59100 Roubaix<br \/>France<\/p>\n<p>[\/et_pb_text][\/et_pb_column][\/et_pb_row][\/et_pb_section]<\/p>\n","protected":false},"excerpt":{"rendered":"<p>Terms of use &nbsp; Company Name : Francefish Legal form : Soci\u00e9t\u00e9 \u00e0 responsabilit\u00e9 limit\u00e9e (SARL) Head office address:7 B RUE DU POINT DU JOUR92100 BOULOGNE BILLANCOURT Siret Number : 423 458 371 00010 VAT number : FR72 423 458 371 Publishing Director : Yannick Vincent Site host :OVH2 rue Kellermann59100 RoubaixFrance<\/p>\n","protected":false},"author":1,"featured_media":0,"parent":0,"menu_order":0,"comment_status":"closed","ping_status":"closed","template":"","meta":{"_et_pb_use_builder":"on","_et_pb_old_content":"","_et_gb_content_width":"","footnotes":""},"class_list":["post-1928","page","type-page","status-publish","hentry"],"yoast_head":"<!-- This site is optimized with the Yoast SEO plugin v25.6 - https:\/\/yoast.com\/wordpress\/plugins\/seo\/ -->\n<title>Terms of use - FRANCEFISH<\/title>\n<meta name=\"robots\" content=\"index, follow, max-snippet:-1, max-image-preview:large, max-video-preview:-1\" \/>\n<link rel=\"canonical\" href=\"https:\/\/www.francefish.fr\/en\/terms-of-use\/\" \/>\n<meta property=\"og:locale\" content=\"en_US\" \/>\n<meta property=\"og:type\" content=\"article\" \/>\n<meta property=\"og:title\" content=\"Terms of use - FRANCEFISH\" \/>\n<meta property=\"og:description\" content=\"Terms of use &nbsp; Company Name : Francefish Legal form : Soci\u00e9t\u00e9 \u00e0 responsabilit\u00e9 limit\u00e9e (SARL) Head office address:7 B RUE DU POINT DU JOUR92100 BOULOGNE BILLANCOURT Siret Number : 423 458 371 00010 VAT number : FR72 423 458 371 Publishing Director : Yannick Vincent Site host :OVH2 rue Kellermann59100 RoubaixFrance\" \/>\n<meta property=\"og:url\" content=\"https:\/\/www.francefish.fr\/en\/terms-of-use\/\" \/>\n<meta property=\"og:site_name\" content=\"FRANCEFISH\" \/>\n<meta property=\"article:modified_time\" content=\"2024-08-01T21:47:06+00:00\" \/>\n<meta name=\"twitter:card\" content=\"summary_large_image\" \/>\n<meta name=\"twitter:label1\" content=\"Est. reading time\" \/>\n\t<meta name=\"twitter:data1\" content=\"2 minutes\" \/>\n<script type=\"application\/ld+json\" class=\"yoast-schema-graph\">{\"@context\":\"https:\/\/schema.org\",\"@graph\":[{\"@type\":\"WebPage\",\"@id\":\"https:\/\/www.francefish.fr\/en\/terms-of-use\/\",\"url\":\"https:\/\/www.francefish.fr\/en\/terms-of-use\/\",\"name\":\"Terms of use - FRANCEFISH\",\"isPartOf\":{\"@id\":\"https:\/\/www.francefish.fr\/#website\"},\"datePublished\":\"2024-07-26T19:21:37+00:00\",\"dateModified\":\"2024-08-01T21:47:06+00:00\",\"breadcrumb\":{\"@id\":\"https:\/\/www.francefish.fr\/en\/terms-of-use\/#breadcrumb\"},\"inLanguage\":\"en-US\",\"potentialAction\":[{\"@type\":\"ReadAction\",\"target\":[\"https:\/\/www.francefish.fr\/en\/terms-of-use\/\"]}]},{\"@type\":\"BreadcrumbList\",\"@id\":\"https:\/\/www.francefish.fr\/en\/terms-of-use\/#breadcrumb\",\"itemListElement\":[{\"@type\":\"ListItem\",\"position\":1,\"name\":\"Accueil\",\"item\":\"https:\/\/www.francefish.fr\/en\/\"},{\"@type\":\"ListItem\",\"position\":2,\"name\":\"Terms of use\"}]},{\"@type\":\"WebSite\",\"@id\":\"https:\/\/www.francefish.fr\/#website\",\"url\":\"https:\/\/www.francefish.fr\/\",\"name\":\"FRANCEFISH\",\"description\":\"La mer \u00e0 votre table, fra\u00eecheur et qualit\u00e9 garanties.\",\"publisher\":{\"@id\":\"https:\/\/www.francefish.fr\/#organization\"},\"potentialAction\":[{\"@type\":\"SearchAction\",\"target\":{\"@type\":\"EntryPoint\",\"urlTemplate\":\"https:\/\/www.francefish.fr\/?s={search_term_string}\"},\"query-input\":{\"@type\":\"PropertyValueSpecification\",\"valueRequired\":true,\"valueName\":\"search_term_string\"}}],\"inLanguage\":\"en-US\"},{\"@type\":\"Organization\",\"@id\":\"https:\/\/www.francefish.fr\/#organization\",\"name\":\"FRANCEFISH\",\"url\":\"https:\/\/www.francefish.fr\/\",\"logo\":{\"@type\":\"ImageObject\",\"inLanguage\":\"en-US\",\"@id\":\"https:\/\/www.francefish.fr\/#\/schema\/logo\/image\/\",\"url\":\"https:\/\/www.francefish.fr\/wp-content\/uploads\/2024\/07\/logo_FF__1_-removebg-preview.png\",\"contentUrl\":\"https:\/\/www.francefish.fr\/wp-content\/uploads\/2024\/07\/logo_FF__1_-removebg-preview.png\",\"width\":976,\"height\":255,\"caption\":\"FRANCEFISH\"},\"image\":{\"@id\":\"https:\/\/www.francefish.fr\/#\/schema\/logo\/image\/\"}}]}<\/script>\n<!-- \/ Yoast SEO plugin. -->","yoast_head_json":{"title":"Terms of use - FRANCEFISH","robots":{"index":"index","follow":"follow","max-snippet":"max-snippet:-1","max-image-preview":"max-image-preview:large","max-video-preview":"max-video-preview:-1"},"canonical":"https:\/\/www.francefish.fr\/en\/terms-of-use\/","og_locale":"en_US","og_type":"article","og_title":"Terms of use - FRANCEFISH","og_description":"Terms of use &nbsp; Company Name : Francefish Legal form : Soci\u00e9t\u00e9 \u00e0 responsabilit\u00e9 limit\u00e9e (SARL) Head office address:7 B RUE DU POINT DU JOUR92100 BOULOGNE BILLANCOURT Siret Number : 423 458 371 00010 VAT number : FR72 423 458 371 Publishing Director : Yannick Vincent Site host :OVH2 rue Kellermann59100 RoubaixFrance","og_url":"https:\/\/www.francefish.fr\/en\/terms-of-use\/","og_site_name":"FRANCEFISH","article_modified_time":"2024-08-01T21:47:06+00:00","twitter_card":"summary_large_image","twitter_misc":{"Est. reading time":"2 minutes"},"schema":{"@context":"https:\/\/schema.org","@graph":[{"@type":"WebPage","@id":"https:\/\/www.francefish.fr\/en\/terms-of-use\/","url":"https:\/\/www.francefish.fr\/en\/terms-of-use\/","name":"Terms of use - FRANCEFISH","isPartOf":{"@id":"https:\/\/www.francefish.fr\/#website"},"datePublished":"2024-07-26T19:21:37+00:00","dateModified":"2024-08-01T21:47:06+00:00","breadcrumb":{"@id":"https:\/\/www.francefish.fr\/en\/terms-of-use\/#breadcrumb"},"inLanguage":"en-US","potentialAction":[{"@type":"ReadAction","target":["https:\/\/www.francefish.fr\/en\/terms-of-use\/"]}]},{"@type":"BreadcrumbList","@id":"https:\/\/www.francefish.fr\/en\/terms-of-use\/#breadcrumb","itemListElement":[{"@type":"ListItem","position":1,"name":"Accueil","item":"https:\/\/www.francefish.fr\/en\/"},{"@type":"ListItem","position":2,"name":"Terms of use"}]},{"@type":"WebSite","@id":"https:\/\/www.francefish.fr\/#website","url":"https:\/\/www.francefish.fr\/","name":"FRANCEFISH","description":"La mer \u00e0 votre table, fra\u00eecheur et qualit\u00e9 garanties.","publisher":{"@id":"https:\/\/www.francefish.fr\/#organization"},"potentialAction":[{"@type":"SearchAction","target":{"@type":"EntryPoint","urlTemplate":"https:\/\/www.francefish.fr\/?s={search_term_string}"},"query-input":{"@type":"PropertyValueSpecification","valueRequired":true,"valueName":"search_term_string"}}],"inLanguage":"en-US"},{"@type":"Organization","@id":"https:\/\/www.francefish.fr\/#organization","name":"FRANCEFISH","url":"https:\/\/www.francefish.fr\/","logo":{"@type":"ImageObject","inLanguage":"en-US","@id":"https:\/\/www.francefish.fr\/#\/schema\/logo\/image\/","url":"https:\/\/www.francefish.fr\/wp-content\/uploads\/2024\/07\/logo_FF__1_-removebg-preview.png","contentUrl":"https:\/\/www.francefish.fr\/wp-content\/uploads\/2024\/07\/logo_FF__1_-removebg-preview.png","width":976,"height":255,"caption":"FRANCEFISH"},"image":{"@id":"https:\/\/www.francefish.fr\/#\/schema\/logo\/image\/"}}]}},"_links":{"self":[{"href":"https:\/\/www.francefish.fr\/en\/wp-json\/wp\/v2\/pages\/1928","targetHints":{"allow":["GET"]}}],"collection":[{"href":"https:\/\/www.francefish.fr\/en\/wp-json\/wp\/v2\/pages"}],"about":[{"href":"https:\/\/www.francefish.fr\/en\/wp-json\/wp\/v2\/types\/page"}],"author":[{"embeddable":true,"href":"https:\/\/www.francefish.fr\/en\/wp-json\/wp\/v2\/users\/1"}],"replies":[{"embeddable":true,"href":"https:\/\/www.francefish.fr\/en\/wp-json\/wp\/v2\/comments?post=1928"}],"version-history":[{"count":5,"href":"https:\/\/www.francefish.fr\/en\/wp-json\/wp\/v2\/pages\/1928\/revisions"}],"predecessor-version":[{"id":2170,"href":"https:\/\/www.francefish.fr\/en\/wp-json\/wp\/v2\/pages\/1928\/revisions\/2170"}],"wp:attachment":[{"href":"https:\/\/www.francefish.fr\/en\/wp-json\/wp\/v2\/media?parent=1928"}],"curies":[{"name":"wp","href":"https:\/\/api.w.org\/{rel}","templated":true}]}}